{"id":2586,"date":"2018-06-08T22:12:49","date_gmt":"2018-06-08T22:12:49","guid":{"rendered":"https:\/\/dox.forqy.website\/shop\/?page_id=2586"},"modified":"2023-06-28T11:49:56","modified_gmt":"2023-06-28T09:49:56","slug":"condiciones-contratacion","status":"publish","type":"page","link":"https:\/\/www.antiguabike.com\/tienda\/condiciones-contratacion\/","title":{"rendered":"Pol\u00edtica de privacidad \/ Condiciones de contrataci\u00f3n"},"content":{"rendered":"<h2><strong>CONDICIONES GENERALES DE CONTRATACI\u00d3N<\/strong><\/h2>\n<h3><strong>INFORMACI\u00d3N PREVIA AL PROCESO CONTRACTUAL<\/strong><\/h3>\n<p>La presente p\u00e1gina web www. antiguabike.com\/tienda\/es propiedad de ANTIGUABIKE, SLL con CIF B20908992 y direcci\u00f3n fiscal en Heriz 9 \u00b7 20008 Donostia (Gipuzkoa).<\/p>\n<p>Las condiciones Generales de Contrataci\u00f3n regulan la relaci\u00f3n de venta a distancia entre ANTIGUABIKE, SLL y el usuario o cliente, de acuerdo con las estipulaciones legales, en especial, la Ley 7\/1998, de 13 de abril, sobre Condiciones Generales de Contrataci\u00f3n, la Ley 3\/2014, de 27 de marzo por la que se modifica el texto refundido de la Ley General para la Defensa de los consumidores y Usuarios, Ley Org\u00e1nica 3\/2018, de 5 de diciembre, de Protecci\u00f3n de Datos Personales y garant\u00eda de los derechos digitales, Reglamento General de Protecci\u00f3n de Datos (UE) 2016\/679, la Ley 7\/1996, de 15 de enero de Ordenaci\u00f3n del Comercio Minorista, y a la Ley 34\/2002 de 11 de julio, de Servicios de la Sociedad de la Informaci\u00f3n y de Comercio Electr\u00f3nico.<\/p>\n<p>ANTIGUABIKE, SLL se reserva el derecho a realizar las modificaciones que considere oportunas, sin aviso previo, en las Condiciones Generales. Dichas modificaciones podr\u00e1n realizarse, a trav\u00e9s de sus websites, por cualquier forma admisible en derecho y ser\u00e1n de obligado cumplimiento durante el tiempo en que se encuentren publicadas en la web y hasta que no sean modificadas v\u00e1lidamente por otras posteriores. No obstante, ANTIGUABIKE, SLL se reserva el derecho de aplicar, en determinados casos, unas Condiciones Particulares de Contrataci\u00f3n con preferencia a las presentes Condiciones Generales cuando lo considere oportuno, anunci\u00e1ndolas en tiempo y forma oportunos.<\/p>\n<p>El objeto de la p\u00e1gina web es promocionar y vender toda clase de productos y servicios.<\/p>\n<p>La duraci\u00f3n del contrato quedar\u00e1 vinculada a la entrega del producto sin perjuicio del derecho de desistimiento.<\/p>\n<p>Asimismo, usted puede suscribirse al bolet\u00edn informativo para recibir ofertas de los referidos productos o informaci\u00f3n general que pueda ser de su inter\u00e9s.<\/p>\n<p>Como usuario o cliente declara expresamente conocer, entender y aceptar las condiciones de uso y estas condiciones generales de contrataci\u00f3n. Del mismo modo, declara ser mayor de edad y tener la capacidad jur\u00eddica y de obrar necesarias para el acceso a los sitios web de ANTIGUABIKE, SLL y la contrataci\u00f3n por medio de los mismos.<\/p>\n<p>La Comisi\u00f3n Europea facilita una plataforma de resoluci\u00f3n de litigios en l\u00ednea que se encuentra disponible en el siguiente enlace: http:\/\/ec.europa.eu\/consumers\/odr\/<\/p>\n<p>Para adquirir nuestros productos, usted puede dirigirse al apartado correspondiente de nuestra tienda online.<\/p>\n<p>Es requisito imprescindible que se registre como usuario de la web para realizar la compra online. Puede acceder al apartado correspondiente para el registro en la propia web. De conformidad con la normativa aplicable y vigente en materia de protecci\u00f3n de datos, ANTIGUABIKE, SLL informa a los usuarios que los datos personales recabados durante el proceso de registro y posterior compra, ser\u00e1n incorporados al sistema de tratamiento titularidad de ANTIGUABIKE, SLL, con la finalidad de tramitar dichas acciones por parte del usuario y gestionar actuaciones posteriores derivadas de las mismas.<\/p>\n<p>Sus datos se conservar\u00e1n en el plazo estrictamente necesario para cumplir con las finalidades anteriormente previstas, salvo obligaci\u00f3n legal de conservaci\u00f3n.<\/p>\n<p>Le informamos que la base legal del tratamiento de sus datos es la correcta ejecuci\u00f3n del contrato entre las partes y el consentimiento.<\/p>\n<p>De acuerdo con los derechos que le confiere la normativa vigente en protecci\u00f3n de datos podr\u00e1 ejercer los derechos de acceso, rectificaci\u00f3n, limitaci\u00f3n de tratamiento, supresi\u00f3n, portabilidad y oposici\u00f3n al tratamiento de sus datos de car\u00e1cter personal as\u00ed como del consentimiento prestado para el tratamiento de los mismos, dirigiendo su petici\u00f3n a la direcci\u00f3n mencionada m\u00e1s arriba o al correo electr\u00f3nico antiguabike@gmail.com. Podr\u00e1 dirigirse a la Autoridad de Control competente para presentar la reclamaci\u00f3n que considere oportuna.<\/p>\n<p>Durante el proceso de compra deber\u00e1 identificarse con el nombre de usuario y la contrase\u00f1a proporcionados. Estos datos no ser\u00e1n p\u00fablicos. Usted se hace responsable de tratar confidencial y responsablemente la identidad y contrase\u00f1a obtenidas en el registro como cliente, no pudiendo cederlas a otro. Puede modificar la informaci\u00f3n registrada en cualquier momento, en su \u00e1rea de cliente. En este mismo apartado usted tendr\u00e1 acceso a un hist\u00f3rico de sus pedidos, est\u00e9 s\u00f3lo es un apartado de consulta pero se permite su gesti\u00f3n, pudiendo el usuario eliminar aquellos registros que considere no es necesario visualizar.<\/p>\n<p>Finalizado el proceso de compra el cliente recibir\u00e1 una confirmaci\u00f3n del mismo por correo electr\u00f3nico. Es imprescindible que durante el proceso de compra el usuario indique un correo electr\u00f3nico v\u00e1lido. Si en 24 horas desde la finalizaci\u00f3n del pedido no recibe la confirmaci\u00f3n, p\u00f3ngase en contacto con ANTIGUABIKE, SLL en el tel\u00e9fono de atenci\u00f3n al cliente 943 212 021 o mediante el correo electr\u00f3nico antiguabike@gmail.com .<\/p>\n<p>Todos los contenidos de la web est\u00e1n en espa\u00f1ol.<\/p>\n<p>El cliente, al recibir el producto en la direcci\u00f3n de entrega facilitada, recibir\u00e1 una factura o copia del pedido.<\/p>\n<h3><strong>OFERTA Y VIGENCIA<\/strong><\/h3>\n<p>En caso de un producto en oferta, siempre se indicar\u00e1 junto a sus caracter\u00edsticas esenciales, el precio de oferta y la validez de la misma.<\/p>\n<p>En cumplimiento de la normativa vigente ANTIGUABIKE, SLL ofrece informaci\u00f3n sobre todos los art\u00edculos en venta, sus caracter\u00edsticas y precios. No obstante, ANTIGUABIKE, SLL se reserva el derecho a retirar, reponer o cambiar los productos que se ofrecen a trav\u00e9s de su p\u00e1gina web, mediante el simple cambio en el contenido de la misma. De esta forma, los productos ofrecidos en cada momento por la web se regir\u00e1n por las Condiciones Generales de Contrataci\u00f3n vigentes en cada caso. Asimismo, la empresa tendr\u00e1 la facultad de dejar de ofrecer, sin previo aviso y en cualquier momento, el acceso a los productos mencionados.<\/p>\n<h3><strong>CARACTER\u00cdSTICAS ESENCIALES DE LOS PRODUCTOS<\/strong><\/h3>\n<p>Los productos ofertados en nuestra tienda online, incorporan una fotograf\u00eda y las caracter\u00edsticas esenciales del mismo, esta es la informaci\u00f3n obtenida del propio fabricante. El color del producto, observable en la fotograf\u00eda no es vinculante. En las caracter\u00edsticas se identifica el mismo.<\/p>\n<h3><strong>GARANT\u00cdAS<\/strong><\/h3>\n<p>ANTIGUABIKE, SLL responde de las faltas de conformidad de todos los productos ofrecidos en la p\u00e1gina web durante el plazo de tres a\u00f1os desde la entrega. ANTIGUABIKE, SLL dispone de un servicio de posventa, durante el plazo indicado. El cliente podr\u00e1 dirigirse al establecimiento de ANTIGUABIKE, SLL, al servicio de posventa, por correo electr\u00f3nico a antiguabike@gmail.com o a los puntos establecidos por el propio proveedor. En caso de duda podr\u00e1 dirigirse al tel\u00e9fono de atenci\u00f3n al cliente 943-212021 mediante el correo electr\u00f3nico antiguabike@gmail.com<\/p>\n<h3><strong>PRECIOS<\/strong><\/h3>\n<p>Todos los productos indican el precio de venta en Euros e incluyen el Impuesto sobre el Valor A\u00f1adido (IVA).<br \/>\nSi fuera aplicable cualquier otro impuesto, as\u00ed se indicar\u00eda (IGIC o IPSI).<\/p>\n<h3><strong>GASTOS DE ENTREGA Y TRANSPORTE<\/strong><\/h3>\n<p>ANTIGUABIKE, SLL s\u00f3lo realiza env\u00edos en Espa\u00f1a pen\u00ednsula. Los gastos de transporte ser\u00e1n de 9,95 \u20ac<\/p>\n<h3><strong>FORMAS DE PAGO<\/strong><\/h3>\n<p>El cliente podr\u00e1 abonar el importe de su pedido optando por cualquiera de las siguientes formas. Durante el proceso de compra deber\u00e1 indicar su elecci\u00f3n:<\/p>\n<p>Transferencia bancaria y Tarjeta de cr\u00e9dito VISA o MASTERCARD<\/p>\n<p>Todas las operaciones que implican la transmisi\u00f3n de datos personales o bancarios se realizan utilizando un entorno seguro, un servidor basado en la tecnolog\u00eda de seguridad est\u00e1ndar SSL (Secure Sockets Layer). Toda la informaci\u00f3n que nos transmita viaja cifrada a trav\u00e9s de la red.<\/p>\n<p>Asimismo, los datos sobre su tarjeta de cr\u00e9dito son introducidos directamente en la p\u00e1gina del banco, en el TPV (Terminal Punto de venta del Banco) y no son introducidos ni registrados en ning\u00fan servidor de ANTIGUABIKE, SLL.<\/p>\n<p>Al pagar con tarjeta VISA o MASTERCARD se le solicitar\u00e1n siempre los siguientes datos: el n\u00famero de tarjeta, la fecha de caducidad, y un C\u00f3digo de Validaci\u00f3n que coincide con las tres \u00faltimas cifras del n\u00famero impreso en cursiva en el reverso de su tarjeta VISA o MASTERCARD, ofreciendo, de esta forma, m\u00e1s garant\u00edas acerca de la seguridad de la transacci\u00f3n.<\/p>\n<p>Esta forma de pago es v\u00e1lida \u00fanicamente en la web.<\/p>\n<h3><strong>EJECUCI\u00d3N DEL PEDIDO<\/strong><\/h3>\n<p>ANTIGUABIKE, SLL se compromete a entregar el pedido en un m\u00e1ximo de 10 d\u00edas a partir del d\u00eda siguiente al pedido.<\/p>\n<p>La disponibilidad de los productos ofrecidos por ANTIGUABIKE, SLL puede variar en funci\u00f3n de la demanda de los clientes. Pese a que ANTIGUABIKE, SLL actualiza el stock peri\u00f3dicamente, el producto solicitado por el cliente podr\u00eda estar agotado en ese momento. En caso de no ejecuci\u00f3n por indisponibilidad, ANTIGUABIKE, SLL en el momento que tenga conocimiento de esta situaci\u00f3n lo notificar\u00e1 al cliente, por medio de un correo electr\u00f3nico. El periodo de esta comunicaci\u00f3n no superar\u00e1 en ning\u00fan caso el plazo m\u00e1ximo de 30 d\u00edas. ANTIGUABIKE, SLL podr\u00e1 dar la doble opci\u00f3n de: suministrar al cliente sin aumento de precio, un producto de caracter\u00edsticas similares o de superior calidad, o salvo razones justificadas y demostrables por ANTIGUABIKE, SLL dentro de este mismo periodo abonar las sumas pagadas por el pedido anulado.<\/p>\n<h2><strong>DERECHO DE DESISTIMIENTO, DEVOLUCIONES Y RECLAMACIONES<\/strong><\/h2>\n<h3><strong>DERECHO DE DESISTIMIENTO<\/strong><\/h3>\n<p>El comprador dispondr\u00e1 de un plazo de catorce d\u00edas naturales para desistir, a partir del d\u00eda que el cliente reciba el producto, sin penalizaci\u00f3n alguna y sin indicaci\u00f3n de los motivos.<br \/>\nEl ejercicio del derecho de desistimiento deber\u00e1 realizarse mediante notificaci\u00f3n a trav\u00e9s comunicaci\u00f3n telef\u00f3nica a 943212021, dirigi\u00e9ndose al correo electr\u00f3nico antiguabike@gmail.com remitiendo su escrito a nuestra direcci\u00f3n postal Paseo de Heriz 9 bajo 20008 Donostia, o bien a trav\u00e9s del formulario de desistimiento.<\/p>\n<p>Seg\u00fan lo establecido el art\u00edculo 103 de la Ley 3\/2014, de 27 de marzo por la que se modifica el texto refundido de la Ley General para la Defensa de los consumidores y Usuarios, los suministros de servicios o bienes confeccionado conforme a las especificaciones del consumidor o claramente personalizados, o que, por su naturaleza, no puedan ser devueltos o puedan deteriorarse o caducar con rapidez, est\u00e1n exentos de desistimiento.<\/p>\n<h3><strong>LA DEVOLUCI\u00d3N<\/strong><\/h3>\n<p>El cliente deber\u00e1 devolver o entregar directamente el producto a antigua bike, a la direcci\u00f3n paseo heriz 9 bajo dcha 20008 Donostia, sin ninguna demora indebida, y en todo caso en un plazo m\u00e1ximo de catorce d\u00edas naturales a partir de la fecha en que se formalice el derecho de desistimiento del contrato. Se entender\u00e1 cumplido el plazo si el cliente efect\u00faa la devoluci\u00f3n del producto antes de la finalizaci\u00f3n del plazo.<br \/>\nEl cliente se har\u00e1 cargo de los costes de devoluci\u00f3n del producto.<\/p>\n<h3><strong>REEMBOLSO DEL PAGO<\/strong><\/h3>\n<p>El reembolso de las cantidades recibidas por el cliente se realizar\u00e1 utilizando los mismos medios de pago empleados por el cliente, siempre y cuando no se haya dispuesto lo contrario.<br \/>\nANTIGUABIKE, SLL podr\u00e1 retener el reembolso hasta haber recibido el producto, motivo de desistimiento, o hasta que el cliente entregue justificante de devoluci\u00f3n del mismo, seg\u00fan que condici\u00f3n se cumpla primero.<\/p>\n<h3><strong>DEVOLUCI\u00d3N DEL PRODUCTO DEFECTUOSO.<\/strong><\/h3>\n<p>En el caso de que el producto no se encuentre en buen estado y las causas imputables a este, no sean consecuencia del cliente, este tendr\u00e1 derecho a la devoluci\u00f3n del producto, informando a ANTIGUABIKE, SLL del motivo de devoluci\u00f3n a trav\u00e9s de cualquiera de los medios facilitados en las presentes condiciones de contrataci\u00f3n, y sin coste alguno para el cliente. Esta devoluci\u00f3n por motivo de defecto o mal estado del producto no ser\u00e1 considerada un derecho de desistimiento.<br \/>\nANTIGUABIKE, SLL se compromete a asumir el coste de la devoluci\u00f3n y a restituir el producto por uno nuevo de acuerdo con condiciones aceptadas en el momento de la venta.<\/p>\n<p>Si el cliente desea presentar una reclamaci\u00f3n, el establecimiento de ANTIGUABIKE, SLL est\u00e1 situado en Paseo heriz 9 bajo derecha o a trav\u00e9s del correo electr\u00f3nico antiguabike@gmail.com<\/p>\n<h3><strong>JURISDICCI\u00d3N<\/strong><\/h3>\n<p>Asimismo, ANTIGUABIKE, SLL se reserva la facultad de presentar las acciones civiles o penales que considere oportunas por la utilizaci\u00f3n indebida de su sitio web y contenidos o por el incumplimiento de las presentes condiciones.<br \/>\nLa relaci\u00f3n entre el usuario y el prestador se regir\u00e1 por la normativa vigente y de aplicaci\u00f3n en el territorio espa\u00f1ol. De surgir cualquier controversia las partes podr\u00e1n someter sus conflictos a arbitraje o acudir a la jurisdicci\u00f3n ordinaria cumpliendo con las normas sobre jurisdicci\u00f3n y competencia al respecto. Antigua Bike tiene su domicilio en Paseo Heriz 9 bajo 20008 San Sebastian, Espa\u00f1a.<\/p>\n","protected":false},"excerpt":{"rendered":"<p>CONDICIONES GENERALES DE CONTRATACI\u00d3N INFORMACI\u00d3N PREVIA AL PROCESO CONTRACTUAL La presente p\u00e1gina web www. antiguabike.com\/tienda\/es propiedad de ANTIGUABIKE, SLL con CIF B20908992 y direcci\u00f3n fiscal en Heriz 9 \u00b7 20008 Donostia (Gipuzkoa). Las condiciones Generales de &#8230;<\/p>\n","protected":false},"author":1,"featured_media":0,"parent":0,"menu_order":300,"comment_status":"closed","ping_status":"closed","template":"template-page-75.php","meta":{"footnotes":""},"class_list":["post-2586","page","type-page","status-publish","hentry"],"yoast_head":"<!-- This site is optimized with the Yoast SEO plugin v25.2 - https:\/\/yoast.com\/wordpress\/plugins\/seo\/ -->\n<title>Pol\u00edtica de privacidad \/ Condiciones de contrataci\u00f3n | Antigua Bike tienda<\/title>\n<meta name=\"robots\" content=\"noindex, nofollow\" \/>\n<meta property=\"og:locale\" content=\"es_ES\" \/>\n<meta property=\"og:type\" content=\"article\" \/>\n<meta property=\"og:title\" content=\"Pol\u00edtica de privacidad \/ Condiciones de contrataci\u00f3n | Antigua Bike tienda\" \/>\n<meta property=\"og:description\" content=\"CONDICIONES GENERALES DE CONTRATACI\u00d3N INFORMACI\u00d3N PREVIA AL PROCESO CONTRACTUAL La presente p\u00e1gina web www. antiguabike.com\/tienda\/es propiedad de ANTIGUABIKE, SLL con CIF B20908992 y direcci\u00f3n fiscal en Heriz 9 \u00b7 20008 Donostia (Gipuzkoa). Las condiciones Generales de ...\" \/>\n<meta property=\"og:url\" content=\"https:\/\/www.antiguabike.com\/tienda\/condiciones-contratacion\/\" \/>\n<meta property=\"og:site_name\" content=\"Antigua Bike tienda\" \/>\n<meta property=\"article:modified_time\" content=\"2023-06-28T09:49:56+00:00\" \/>\n<meta property=\"og:image\" content=\"https:\/\/www.antiguabike.com\/tienda\/wp-content\/uploads\/sites\/2\/2023\/04\/AntiguaBikeLogo.png\" \/>\n\t<meta property=\"og:image:width\" content=\"300\" \/>\n\t<meta property=\"og:image:height\" content=\"145\" \/>\n\t<meta property=\"og:image:type\" content=\"image\/png\" \/>\n<meta name=\"twitter:card\" content=\"summary_large_image\" \/>\n<meta name=\"twitter:label1\" content=\"Tiempo de lectura\" \/>\n\t<meta name=\"twitter:data1\" content=\"10 minutos\" \/>\n<script type=\"application\/ld+json\" class=\"yoast-schema-graph\">{\"@context\":\"https:\/\/schema.org\",\"@graph\":[{\"@type\":\"WebPage\",\"@id\":\"https:\/\/www.antiguabike.com\/tienda\/condiciones-contratacion\/\",\"url\":\"https:\/\/www.antiguabike.com\/tienda\/condiciones-contratacion\/\",\"name\":\"Pol\u00edtica de privacidad \/ Condiciones de contrataci\u00f3n | Antigua Bike tienda\",\"isPartOf\":{\"@id\":\"https:\/\/www.antiguabike.com\/tienda\/#website\"},\"datePublished\":\"2018-06-08T22:12:49+00:00\",\"dateModified\":\"2023-06-28T09:49:56+00:00\",\"breadcrumb\":{\"@id\":\"https:\/\/www.antiguabike.com\/tienda\/condiciones-contratacion\/#breadcrumb\"},\"inLanguage\":\"es\",\"potentialAction\":[{\"@type\":\"ReadAction\",\"target\":[\"https:\/\/www.antiguabike.com\/tienda\/condiciones-contratacion\/\"]}]},{\"@type\":\"BreadcrumbList\",\"@id\":\"https:\/\/www.antiguabike.com\/tienda\/condiciones-contratacion\/#breadcrumb\",\"itemListElement\":[{\"@type\":\"ListItem\",\"position\":1,\"name\":\"Portada\",\"item\":\"https:\/\/www.antiguabike.com\/tienda\/\"},{\"@type\":\"ListItem\",\"position\":2,\"name\":\"Pol\u00edtica de privacidad \/ Condiciones de contrataci\u00f3n\"}]},{\"@type\":\"WebSite\",\"@id\":\"https:\/\/www.antiguabike.com\/tienda\/#website\",\"url\":\"https:\/\/www.antiguabike.com\/tienda\/\",\"name\":\"Tienda online Antigua Bike\",\"description\":\"M\u00e1s de 25 a\u00f1os en el mundo de la bici\",\"publisher\":{\"@id\":\"https:\/\/www.antiguabike.com\/tienda\/#organization\"},\"alternateName\":\"Tienda, taller de reparaci\u00f3n y alquiler\",\"potentialAction\":[{\"@type\":\"SearchAction\",\"target\":{\"@type\":\"EntryPoint\",\"urlTemplate\":\"https:\/\/www.antiguabike.com\/tienda\/?s={search_term_string}\"},\"query-input\":{\"@type\":\"PropertyValueSpecification\",\"valueRequired\":true,\"valueName\":\"search_term_string\"}}],\"inLanguage\":\"es\"},{\"@type\":\"Organization\",\"@id\":\"https:\/\/www.antiguabike.com\/tienda\/#organization\",\"name\":\"Tienda online Antigua Bike\",\"url\":\"https:\/\/www.antiguabike.com\/tienda\/\",\"logo\":{\"@type\":\"ImageObject\",\"inLanguage\":\"es\",\"@id\":\"https:\/\/www.antiguabike.com\/tienda\/#\/schema\/logo\/image\/\",\"url\":\"https:\/\/www.antiguabike.com\/tienda\/wp-content\/uploads\/sites\/2\/2023\/06\/AntiguaBikeLogo-blanco.png\",\"contentUrl\":\"https:\/\/www.antiguabike.com\/tienda\/wp-content\/uploads\/sites\/2\/2023\/06\/AntiguaBikeLogo-blanco.png\",\"width\":300,\"height\":144,\"caption\":\"Tienda online Antigua Bike\"},\"image\":{\"@id\":\"https:\/\/www.antiguabike.com\/tienda\/#\/schema\/logo\/image\/\"}}]}<\/script>\n<!-- \/ Yoast SEO plugin. -->","yoast_head_json":{"title":"Pol\u00edtica de privacidad \/ Condiciones de contrataci\u00f3n | Antigua Bike tienda","robots":{"index":"noindex","follow":"nofollow"},"og_locale":"es_ES","og_type":"article","og_title":"Pol\u00edtica de privacidad \/ Condiciones de contrataci\u00f3n | Antigua Bike tienda","og_description":"CONDICIONES GENERALES DE CONTRATACI\u00d3N INFORMACI\u00d3N PREVIA AL PROCESO CONTRACTUAL La presente p\u00e1gina web www. antiguabike.com\/tienda\/es propiedad de ANTIGUABIKE, SLL con CIF B20908992 y direcci\u00f3n fiscal en Heriz 9 \u00b7 20008 Donostia (Gipuzkoa). Las condiciones Generales de ...","og_url":"https:\/\/www.antiguabike.com\/tienda\/condiciones-contratacion\/","og_site_name":"Antigua Bike tienda","article_modified_time":"2023-06-28T09:49:56+00:00","og_image":[{"width":300,"height":145,"url":"https:\/\/www.antiguabike.com\/tienda\/wp-content\/uploads\/sites\/2\/2023\/04\/AntiguaBikeLogo.png","type":"image\/png"}],"twitter_card":"summary_large_image","twitter_misc":{"Tiempo de lectura":"10 minutos"},"schema":{"@context":"https:\/\/schema.org","@graph":[{"@type":"WebPage","@id":"https:\/\/www.antiguabike.com\/tienda\/condiciones-contratacion\/","url":"https:\/\/www.antiguabike.com\/tienda\/condiciones-contratacion\/","name":"Pol\u00edtica de privacidad \/ Condiciones de contrataci\u00f3n | Antigua Bike tienda","isPartOf":{"@id":"https:\/\/www.antiguabike.com\/tienda\/#website"},"datePublished":"2018-06-08T22:12:49+00:00","dateModified":"2023-06-28T09:49:56+00:00","breadcrumb":{"@id":"https:\/\/www.antiguabike.com\/tienda\/condiciones-contratacion\/#breadcrumb"},"inLanguage":"es","potentialAction":[{"@type":"ReadAction","target":["https:\/\/www.antiguabike.com\/tienda\/condiciones-contratacion\/"]}]},{"@type":"BreadcrumbList","@id":"https:\/\/www.antiguabike.com\/tienda\/condiciones-contratacion\/#breadcrumb","itemListElement":[{"@type":"ListItem","position":1,"name":"Portada","item":"https:\/\/www.antiguabike.com\/tienda\/"},{"@type":"ListItem","position":2,"name":"Pol\u00edtica de privacidad \/ Condiciones de contrataci\u00f3n"}]},{"@type":"WebSite","@id":"https:\/\/www.antiguabike.com\/tienda\/#website","url":"https:\/\/www.antiguabike.com\/tienda\/","name":"Tienda online Antigua Bike","description":"M\u00e1s de 25 a\u00f1os en el mundo de la bici","publisher":{"@id":"https:\/\/www.antiguabike.com\/tienda\/#organization"},"alternateName":"Tienda, taller de reparaci\u00f3n y alquiler","potentialAction":[{"@type":"SearchAction","target":{"@type":"EntryPoint","urlTemplate":"https:\/\/www.antiguabike.com\/tienda\/?s={search_term_string}"},"query-input":{"@type":"PropertyValueSpecification","valueRequired":true,"valueName":"search_term_string"}}],"inLanguage":"es"},{"@type":"Organization","@id":"https:\/\/www.antiguabike.com\/tienda\/#organization","name":"Tienda online Antigua Bike","url":"https:\/\/www.antiguabike.com\/tienda\/","logo":{"@type":"ImageObject","inLanguage":"es","@id":"https:\/\/www.antiguabike.com\/tienda\/#\/schema\/logo\/image\/","url":"https:\/\/www.antiguabike.com\/tienda\/wp-content\/uploads\/sites\/2\/2023\/06\/AntiguaBikeLogo-blanco.png","contentUrl":"https:\/\/www.antiguabike.com\/tienda\/wp-content\/uploads\/sites\/2\/2023\/06\/AntiguaBikeLogo-blanco.png","width":300,"height":144,"caption":"Tienda online Antigua Bike"},"image":{"@id":"https:\/\/www.antiguabike.com\/tienda\/#\/schema\/logo\/image\/"}}]}},"_links":{"self":[{"href":"https:\/\/www.antiguabike.com\/tienda\/wp-json\/wp\/v2\/pages\/2586","targetHints":{"allow":["GET"]}}],"collection":[{"href":"https:\/\/www.antiguabike.com\/tienda\/wp-json\/wp\/v2\/pages"}],"about":[{"href":"https:\/\/www.antiguabike.com\/tienda\/wp-json\/wp\/v2\/types\/page"}],"author":[{"embeddable":true,"href":"https:\/\/www.antiguabike.com\/tienda\/wp-json\/wp\/v2\/users\/1"}],"replies":[{"embeddable":true,"href":"https:\/\/www.antiguabike.com\/tienda\/wp-json\/wp\/v2\/comments?post=2586"}],"version-history":[{"count":9,"href":"https:\/\/www.antiguabike.com\/tienda\/wp-json\/wp\/v2\/pages\/2586\/revisions"}],"predecessor-version":[{"id":3664,"href":"https:\/\/www.antiguabike.com\/tienda\/wp-json\/wp\/v2\/pages\/2586\/revisions\/3664"}],"wp:attachment":[{"href":"https:\/\/www.antiguabike.com\/tienda\/wp-json\/wp\/v2\/media?parent=2586"}],"curies":[{"name":"wp","href":"https:\/\/api.w.org\/{rel}","templated":true}]}}