{"id":3926,"date":"2024-11-05T13:06:48","date_gmt":"2024-11-05T12:06:48","guid":{"rendered":"https:\/\/www.antiguabike.com\/tienda\/?post_type=product&#038;p=3926"},"modified":"2026-03-16T18:29:25","modified_gmt":"2026-03-16T17:29:25","slug":"quer-amsterdam-26p-1v","status":"publish","type":"product","link":"https:\/\/www.antiguabike.com\/tienda\/quer-amsterdam-26p-1v\/","title":{"rendered":"Quer Amsterdam 26p 1v."},"content":{"rendered":"<p>cuadro Acero<\/p>\n<p>Horquilla Acero<\/p>\n<p>Direcci\u00f3n Over rosca<\/p>\n<p>Ruedas 26&#8243; aluminio<\/p>\n<p>Frenos V-brake aluminio<\/p>\n<p>Pedalier 42T<\/p>\n<p>Cadena Kmc<\/p>\n<p>Sill\u00edn Selle Bassano<\/p>\n<p>Tija de sill\u00edn Acero<\/p>\n<p>Manillar y Potencia Acero<\/p>\n<p>Accesorios Guardabarros Portabultos y portacestas Protector de cadena y luces led<\/p>\n","protected":false},"excerpt":{"rendered":"<p>cuadro Acero Horquilla Acero Direcci\u00f3n Over rosca Ruedas 26&#8243; aluminio Frenos V-brake aluminio Pedalier 42T Cadena Kmc Sill\u00edn Selle Bassano Tija de sill\u00edn Acero Manillar y Potencia Acero Accesorios Guardabarros Portabultos y portacestas Protector de cadena &#8230;<\/p>\n","protected":false},"featured_media":3927,"template":"","meta":[],"product_brand":[],"product_cat":[162],"product_tag":[],"class_list":{"0":"post-3926","1":"product","2":"type-product","3":"status-publish","4":"has-post-thumbnail","6":"product_cat-bicicletas-paseo-trekking","7":"product_shipping_class-consulta-porte","9":"first","10":"instock","11":"sale","12":"taxable","13":"shipping-taxable","14":"purchasable","15":"product-type-simple"},"yoast_head":"<!-- This site is optimized with the Yoast SEO plugin v25.2 - https:\/\/yoast.com\/wordpress\/plugins\/seo\/ -->\n<title>Quer Amsterdam 26p 1v. | Antigua Bike tienda<\/title>\n<meta name=\"robots\" content=\"index, follow, max-snippet:-1, max-image-preview:large, max-video-preview:-1\" \/>\n<link rel=\"canonical\" href=\"https:\/\/www.antiguabike.com\/tienda\/quer-amsterdam-26p-1v\/\" \/>\n<meta property=\"og:locale\" content=\"es_ES\" \/>\n<meta property=\"og:type\" content=\"article\" \/>\n<meta property=\"og:title\" content=\"Quer Amsterdam 26p 1v. | Antigua Bike tienda\" \/>\n<meta property=\"og:description\" content=\"cuadro Acero Horquilla Acero Direcci\u00f3n Over rosca Ruedas 26&#8243; aluminio Frenos V-brake aluminio Pedalier 42T Cadena Kmc Sill\u00edn Selle Bassano Tija de sill\u00edn Acero Manillar y Potencia Acero Accesorios Guardabarros Portabultos y portacestas Protector de cadena ...\" \/>\n<meta property=\"og:url\" content=\"https:\/\/www.antiguabike.com\/tienda\/quer-amsterdam-26p-1v\/\" \/>\n<meta property=\"og:site_name\" content=\"Antigua Bike tienda\" \/>\n<meta property=\"article:modified_time\" content=\"2026-03-16T17:29:25+00:00\" \/>\n<meta property=\"og:image\" content=\"https:\/\/www.antiguabike.com\/tienda\/wp-content\/uploads\/sites\/2\/2024\/11\/milano.jpg\" \/>\n\t<meta property=\"og:image:width\" content=\"800\" \/>\n\t<meta property=\"og:image:height\" content=\"800\" \/>\n\t<meta property=\"og:image:type\" content=\"image\/jpeg\" \/>\n<meta name=\"twitter:card\" content=\"summary_large_image\" \/>\n<meta name=\"twitter:label1\" content=\"Tiempo de lectura\" \/>\n\t<meta name=\"twitter:data1\" content=\"1 minuto\" \/>\n<script type=\"application\/ld+json\" class=\"yoast-schema-graph\">{\"@context\":\"https:\/\/schema.org\",\"@graph\":[{\"@type\":\"WebPage\",\"@id\":\"https:\/\/www.antiguabike.com\/tienda\/quer-amsterdam-26p-1v\/\",\"url\":\"https:\/\/www.antiguabike.com\/tienda\/quer-amsterdam-26p-1v\/\",\"name\":\"Quer Amsterdam 26p 1v. | Antigua Bike tienda\",\"isPartOf\":{\"@id\":\"https:\/\/www.antiguabike.com\/tienda\/#website\"},\"primaryImageOfPage\":{\"@id\":\"https:\/\/www.antiguabike.com\/tienda\/quer-amsterdam-26p-1v\/#primaryimage\"},\"image\":{\"@id\":\"https:\/\/www.antiguabike.com\/tienda\/quer-amsterdam-26p-1v\/#primaryimage\"},\"thumbnailUrl\":\"https:\/\/www.antiguabike.com\/tienda\/wp-content\/uploads\/sites\/2\/2024\/11\/milano.jpg\",\"datePublished\":\"2024-11-05T12:06:48+00:00\",\"dateModified\":\"2026-03-16T17:29:25+00:00\",\"breadcrumb\":{\"@id\":\"https:\/\/www.antiguabike.com\/tienda\/quer-amsterdam-26p-1v\/#breadcrumb\"},\"inLanguage\":\"es\",\"potentialAction\":[{\"@type\":\"ReadAction\",\"target\":[\"https:\/\/www.antiguabike.com\/tienda\/quer-amsterdam-26p-1v\/\"]}]},{\"@type\":\"ImageObject\",\"inLanguage\":\"es\",\"@id\":\"https:\/\/www.antiguabike.com\/tienda\/quer-amsterdam-26p-1v\/#primaryimage\",\"url\":\"https:\/\/www.antiguabike.com\/tienda\/wp-content\/uploads\/sites\/2\/2024\/11\/milano.jpg\",\"contentUrl\":\"https:\/\/www.antiguabike.com\/tienda\/wp-content\/uploads\/sites\/2\/2024\/11\/milano.jpg\",\"width\":800,\"height\":800},{\"@type\":\"BreadcrumbList\",\"@id\":\"https:\/\/www.antiguabike.com\/tienda\/quer-amsterdam-26p-1v\/#breadcrumb\",\"itemListElement\":[{\"@type\":\"ListItem\",\"position\":1,\"name\":\"Portada\",\"item\":\"https:\/\/www.antiguabike.com\/tienda\/\"},{\"@type\":\"ListItem\",\"position\":2,\"name\":\"Shop\",\"item\":\"https:\/\/www.antiguabike.com\/tienda\/shop\/\"},{\"@type\":\"ListItem\",\"position\":3,\"name\":\"Quer Amsterdam 26p 1v.\"}]},{\"@type\":\"WebSite\",\"@id\":\"https:\/\/www.antiguabike.com\/tienda\/#website\",\"url\":\"https:\/\/www.antiguabike.com\/tienda\/\",\"name\":\"Tienda online Antigua Bike\",\"description\":\"M\u00e1s de 25 a\u00f1os en el mundo de la bici\",\"publisher\":{\"@id\":\"https:\/\/www.antiguabike.com\/tienda\/#organization\"},\"alternateName\":\"Tienda, taller de reparaci\u00f3n y alquiler\",\"potentialAction\":[{\"@type\":\"SearchAction\",\"target\":{\"@type\":\"EntryPoint\",\"urlTemplate\":\"https:\/\/www.antiguabike.com\/tienda\/?s={search_term_string}\"},\"query-input\":{\"@type\":\"PropertyValueSpecification\",\"valueRequired\":true,\"valueName\":\"search_term_string\"}}],\"inLanguage\":\"es\"},{\"@type\":\"Organization\",\"@id\":\"https:\/\/www.antiguabike.com\/tienda\/#organization\",\"name\":\"Tienda online Antigua Bike\",\"url\":\"https:\/\/www.antiguabike.com\/tienda\/\",\"logo\":{\"@type\":\"ImageObject\",\"inLanguage\":\"es\",\"@id\":\"https:\/\/www.antiguabike.com\/tienda\/#\/schema\/logo\/image\/\",\"url\":\"https:\/\/www.antiguabike.com\/tienda\/wp-content\/uploads\/sites\/2\/2023\/06\/AntiguaBikeLogo-blanco.png\",\"contentUrl\":\"https:\/\/www.antiguabike.com\/tienda\/wp-content\/uploads\/sites\/2\/2023\/06\/AntiguaBikeLogo-blanco.png\",\"width\":300,\"height\":144,\"caption\":\"Tienda online Antigua Bike\"},\"image\":{\"@id\":\"https:\/\/www.antiguabike.com\/tienda\/#\/schema\/logo\/image\/\"}}]}<\/script>\n<!-- \/ Yoast SEO plugin. -->","yoast_head_json":{"title":"Quer Amsterdam 26p 1v. | Antigua Bike tienda","robots":{"index":"index","follow":"follow","max-snippet":"max-snippet:-1","max-image-preview":"max-image-preview:large","max-video-preview":"max-video-preview:-1"},"canonical":"https:\/\/www.antiguabike.com\/tienda\/quer-amsterdam-26p-1v\/","og_locale":"es_ES","og_type":"article","og_title":"Quer Amsterdam 26p 1v. | Antigua Bike tienda","og_description":"cuadro Acero Horquilla Acero Direcci\u00f3n Over rosca Ruedas 26&#8243; aluminio Frenos V-brake aluminio Pedalier 42T Cadena Kmc Sill\u00edn Selle Bassano Tija de sill\u00edn Acero Manillar y Potencia Acero Accesorios Guardabarros Portabultos y portacestas Protector de cadena ...","og_url":"https:\/\/www.antiguabike.com\/tienda\/quer-amsterdam-26p-1v\/","og_site_name":"Antigua Bike tienda","article_modified_time":"2026-03-16T17:29:25+00:00","og_image":[{"width":800,"height":800,"url":"https:\/\/www.antiguabike.com\/tienda\/wp-content\/uploads\/sites\/2\/2024\/11\/milano.jpg","type":"image\/jpeg"}],"twitter_card":"summary_large_image","twitter_misc":{"Tiempo de lectura":"1 minuto"},"schema":{"@context":"https:\/\/schema.org","@graph":[{"@type":"WebPage","@id":"https:\/\/www.antiguabike.com\/tienda\/quer-amsterdam-26p-1v\/","url":"https:\/\/www.antiguabike.com\/tienda\/quer-amsterdam-26p-1v\/","name":"Quer Amsterdam 26p 1v. | Antigua Bike tienda","isPartOf":{"@id":"https:\/\/www.antiguabike.com\/tienda\/#website"},"primaryImageOfPage":{"@id":"https:\/\/www.antiguabike.com\/tienda\/quer-amsterdam-26p-1v\/#primaryimage"},"image":{"@id":"https:\/\/www.antiguabike.com\/tienda\/quer-amsterdam-26p-1v\/#primaryimage"},"thumbnailUrl":"https:\/\/www.antiguabike.com\/tienda\/wp-content\/uploads\/sites\/2\/2024\/11\/milano.jpg","datePublished":"2024-11-05T12:06:48+00:00","dateModified":"2026-03-16T17:29:25+00:00","breadcrumb":{"@id":"https:\/\/www.antiguabike.com\/tienda\/quer-amsterdam-26p-1v\/#breadcrumb"},"inLanguage":"es","potentialAction":[{"@type":"ReadAction","target":["https:\/\/www.antiguabike.com\/tienda\/quer-amsterdam-26p-1v\/"]}]},{"@type":"ImageObject","inLanguage":"es","@id":"https:\/\/www.antiguabike.com\/tienda\/quer-amsterdam-26p-1v\/#primaryimage","url":"https:\/\/www.antiguabike.com\/tienda\/wp-content\/uploads\/sites\/2\/2024\/11\/milano.jpg","contentUrl":"https:\/\/www.antiguabike.com\/tienda\/wp-content\/uploads\/sites\/2\/2024\/11\/milano.jpg","width":800,"height":800},{"@type":"BreadcrumbList","@id":"https:\/\/www.antiguabike.com\/tienda\/quer-amsterdam-26p-1v\/#breadcrumb","itemListElement":[{"@type":"ListItem","position":1,"name":"Portada","item":"https:\/\/www.antiguabike.com\/tienda\/"},{"@type":"ListItem","position":2,"name":"Shop","item":"https:\/\/www.antiguabike.com\/tienda\/shop\/"},{"@type":"ListItem","position":3,"name":"Quer Amsterdam 26p 1v."}]},{"@type":"WebSite","@id":"https:\/\/www.antiguabike.com\/tienda\/#website","url":"https:\/\/www.antiguabike.com\/tienda\/","name":"Tienda online Antigua Bike","description":"M\u00e1s de 25 a\u00f1os en el mundo de la bici","publisher":{"@id":"https:\/\/www.antiguabike.com\/tienda\/#organization"},"alternateName":"Tienda, taller de reparaci\u00f3n y alquiler","potentialAction":[{"@type":"SearchAction","target":{"@type":"EntryPoint","urlTemplate":"https:\/\/www.antiguabike.com\/tienda\/?s={search_term_string}"},"query-input":{"@type":"PropertyValueSpecification","valueRequired":true,"valueName":"search_term_string"}}],"inLanguage":"es"},{"@type":"Organization","@id":"https:\/\/www.antiguabike.com\/tienda\/#organization","name":"Tienda online Antigua Bike","url":"https:\/\/www.antiguabike.com\/tienda\/","logo":{"@type":"ImageObject","inLanguage":"es","@id":"https:\/\/www.antiguabike.com\/tienda\/#\/schema\/logo\/image\/","url":"https:\/\/www.antiguabike.com\/tienda\/wp-content\/uploads\/sites\/2\/2023\/06\/AntiguaBikeLogo-blanco.png","contentUrl":"https:\/\/www.antiguabike.com\/tienda\/wp-content\/uploads\/sites\/2\/2023\/06\/AntiguaBikeLogo-blanco.png","width":300,"height":144,"caption":"Tienda online Antigua Bike"},"image":{"@id":"https:\/\/www.antiguabike.com\/tienda\/#\/schema\/logo\/image\/"}}]}},"_links":{"self":[{"href":"https:\/\/www.antiguabike.com\/tienda\/wp-json\/wp\/v2\/product\/3926","targetHints":{"allow":["GET"]}}],"collection":[{"href":"https:\/\/www.antiguabike.com\/tienda\/wp-json\/wp\/v2\/product"}],"about":[{"href":"https:\/\/www.antiguabike.com\/tienda\/wp-json\/wp\/v2\/types\/product"}],"wp:featuredmedia":[{"embeddable":true,"href":"https:\/\/www.antiguabike.com\/tienda\/wp-json\/wp\/v2\/media\/3927"}],"wp:attachment":[{"href":"https:\/\/www.antiguabike.com\/tienda\/wp-json\/wp\/v2\/media?parent=3926"}],"wp:term":[{"taxonomy":"product_brand","embeddable":true,"href":"https:\/\/www.antiguabike.com\/tienda\/wp-json\/wp\/v2\/product_brand?post=3926"},{"taxonomy":"product_cat","embeddable":true,"href":"https:\/\/www.antiguabike.com\/tienda\/wp-json\/wp\/v2\/product_cat?post=3926"},{"taxonomy":"product_tag","embeddable":true,"href":"https:\/\/www.antiguabike.com\/tienda\/wp-json\/wp\/v2\/product_tag?post=3926"}],"curies":[{"name":"wp","href":"https:\/\/api.w.org\/{rel}","templated":true}]}}