{"id":4266,"date":"2026-04-11T11:53:04","date_gmt":"2026-04-11T09:53:04","guid":{"rendered":"https:\/\/www.antiguabike.com\/tienda\/?post_type=product&#038;p=4266"},"modified":"2026-04-11T11:53:04","modified_gmt":"2026-04-11T09:53:04","slug":"sailfish-pacific-2-hombre-t-s","status":"publish","type":"product","link":"https:\/\/www.antiguabike.com\/tienda\/sailfish-pacific-2-hombre-t-s\/","title":{"rendered":"Sailfish Pacific 2 hombre T.S"},"content":{"rendered":"<p>El traje neopreno Sailfish Pacific 2 es una prenda corta que combina una exclente aquadin\u00e1mica con la ligereza y a libertad sin restricciones, lo que lo convierte, en el sentido m\u00e1s verdadero, en el hibrido perfecto entre los trajes de neopreno. Destaca por tener una gama media-alta, \u00fatil en aguas templadas con una flotabilidad baja y una elasticidad e hidrodin\u00e1micas altas.<\/p>\n<p>Dise\u00f1ado con la m\u00e1s avanzada tecnologia para ofrecerte un rendimiento excepcional en tus sesiones de nataci\u00f3n. Te garantiza una mayor velocidad y flexibilidad.<\/p>\n<p>170-180 cm<\/p>\n","protected":false},"excerpt":{"rendered":"<p>El traje neopreno Sailfish Pacific 2 es una prenda corta que combina una exclente aquadin\u00e1mica con la ligereza y a libertad sin restricciones, lo que lo convierte, en el sentido m\u00e1s verdadero, en el hibrido perfecto &#8230;<\/p>\n","protected":false},"featured_media":4267,"template":"","meta":[],"product_brand":[],"product_cat":[164],"product_tag":[],"class_list":{"0":"post-4266","1":"product","2":"type-product","3":"status-publish","4":"has-post-thumbnail","6":"product_cat-neopreno-sailfish","8":"first","9":"instock","10":"sale","11":"taxable","12":"shipping-taxable","13":"purchasable","14":"product-type-simple"},"yoast_head":"<!-- This site is optimized with the Yoast SEO plugin v25.2 - https:\/\/yoast.com\/wordpress\/plugins\/seo\/ -->\n<title>Sailfish Pacific 2 hombre T.S | Antigua Bike tienda<\/title>\n<meta name=\"robots\" content=\"index, follow, max-snippet:-1, max-image-preview:large, max-video-preview:-1\" \/>\n<link rel=\"canonical\" href=\"https:\/\/www.antiguabike.com\/tienda\/sailfish-pacific-2-hombre-t-s\/\" \/>\n<meta property=\"og:locale\" content=\"es_ES\" \/>\n<meta property=\"og:type\" content=\"article\" \/>\n<meta property=\"og:title\" content=\"Sailfish Pacific 2 hombre T.S | Antigua Bike tienda\" \/>\n<meta property=\"og:description\" content=\"El traje neopreno Sailfish Pacific 2 es una prenda corta que combina una exclente aquadin\u00e1mica con la ligereza y a libertad sin restricciones, lo que lo convierte, en el sentido m\u00e1s verdadero, en el hibrido perfecto ...\" \/>\n<meta property=\"og:url\" content=\"https:\/\/www.antiguabike.com\/tienda\/sailfish-pacific-2-hombre-t-s\/\" \/>\n<meta property=\"og:site_name\" content=\"Antigua Bike tienda\" \/>\n<meta property=\"og:image\" content=\"https:\/\/www.antiguabike.com\/tienda\/wp-content\/uploads\/sites\/2\/2026\/04\/sailfish_Wetsuits_Mens_Pacific2_Front_cd8caacd-0b0e-4719-93c8-9554404808c9.webp\" \/>\n\t<meta property=\"og:image:width\" content=\"1100\" \/>\n\t<meta property=\"og:image:height\" content=\"1100\" \/>\n\t<meta property=\"og:image:type\" content=\"image\/webp\" \/>\n<meta name=\"twitter:card\" content=\"summary_large_image\" \/>\n<meta name=\"twitter:label1\" content=\"Tiempo de lectura\" \/>\n\t<meta name=\"twitter:data1\" content=\"1 minuto\" \/>\n<script type=\"application\/ld+json\" class=\"yoast-schema-graph\">{\"@context\":\"https:\/\/schema.org\",\"@graph\":[{\"@type\":\"WebPage\",\"@id\":\"https:\/\/www.antiguabike.com\/tienda\/sailfish-pacific-2-hombre-t-s\/\",\"url\":\"https:\/\/www.antiguabike.com\/tienda\/sailfish-pacific-2-hombre-t-s\/\",\"name\":\"Sailfish Pacific 2 hombre T.S | Antigua Bike tienda\",\"isPartOf\":{\"@id\":\"https:\/\/www.antiguabike.com\/tienda\/#website\"},\"primaryImageOfPage\":{\"@id\":\"https:\/\/www.antiguabike.com\/tienda\/sailfish-pacific-2-hombre-t-s\/#primaryimage\"},\"image\":{\"@id\":\"https:\/\/www.antiguabike.com\/tienda\/sailfish-pacific-2-hombre-t-s\/#primaryimage\"},\"thumbnailUrl\":\"https:\/\/www.antiguabike.com\/tienda\/wp-content\/uploads\/sites\/2\/2026\/04\/sailfish_Wetsuits_Mens_Pacific2_Front_cd8caacd-0b0e-4719-93c8-9554404808c9.webp\",\"datePublished\":\"2026-04-11T09:53:04+00:00\",\"breadcrumb\":{\"@id\":\"https:\/\/www.antiguabike.com\/tienda\/sailfish-pacific-2-hombre-t-s\/#breadcrumb\"},\"inLanguage\":\"es\",\"potentialAction\":[{\"@type\":\"ReadAction\",\"target\":[\"https:\/\/www.antiguabike.com\/tienda\/sailfish-pacific-2-hombre-t-s\/\"]}]},{\"@type\":\"ImageObject\",\"inLanguage\":\"es\",\"@id\":\"https:\/\/www.antiguabike.com\/tienda\/sailfish-pacific-2-hombre-t-s\/#primaryimage\",\"url\":\"https:\/\/www.antiguabike.com\/tienda\/wp-content\/uploads\/sites\/2\/2026\/04\/sailfish_Wetsuits_Mens_Pacific2_Front_cd8caacd-0b0e-4719-93c8-9554404808c9.webp\",\"contentUrl\":\"https:\/\/www.antiguabike.com\/tienda\/wp-content\/uploads\/sites\/2\/2026\/04\/sailfish_Wetsuits_Mens_Pacific2_Front_cd8caacd-0b0e-4719-93c8-9554404808c9.webp\",\"width\":1100,\"height\":1100},{\"@type\":\"BreadcrumbList\",\"@id\":\"https:\/\/www.antiguabike.com\/tienda\/sailfish-pacific-2-hombre-t-s\/#breadcrumb\",\"itemListElement\":[{\"@type\":\"ListItem\",\"position\":1,\"name\":\"Portada\",\"item\":\"https:\/\/www.antiguabike.com\/tienda\/\"},{\"@type\":\"ListItem\",\"position\":2,\"name\":\"Shop\",\"item\":\"https:\/\/www.antiguabike.com\/tienda\/shop\/\"},{\"@type\":\"ListItem\",\"position\":3,\"name\":\"Sailfish Pacific 2 hombre T.S\"}]},{\"@type\":\"WebSite\",\"@id\":\"https:\/\/www.antiguabike.com\/tienda\/#website\",\"url\":\"https:\/\/www.antiguabike.com\/tienda\/\",\"name\":\"Tienda online Antigua Bike\",\"description\":\"M\u00e1s de 25 a\u00f1os en el mundo de la bici\",\"publisher\":{\"@id\":\"https:\/\/www.antiguabike.com\/tienda\/#organization\"},\"alternateName\":\"Tienda, taller de reparaci\u00f3n y alquiler\",\"potentialAction\":[{\"@type\":\"SearchAction\",\"target\":{\"@type\":\"EntryPoint\",\"urlTemplate\":\"https:\/\/www.antiguabike.com\/tienda\/?s={search_term_string}\"},\"query-input\":{\"@type\":\"PropertyValueSpecification\",\"valueRequired\":true,\"valueName\":\"search_term_string\"}}],\"inLanguage\":\"es\"},{\"@type\":\"Organization\",\"@id\":\"https:\/\/www.antiguabike.com\/tienda\/#organization\",\"name\":\"Tienda online Antigua Bike\",\"url\":\"https:\/\/www.antiguabike.com\/tienda\/\",\"logo\":{\"@type\":\"ImageObject\",\"inLanguage\":\"es\",\"@id\":\"https:\/\/www.antiguabike.com\/tienda\/#\/schema\/logo\/image\/\",\"url\":\"https:\/\/www.antiguabike.com\/tienda\/wp-content\/uploads\/sites\/2\/2023\/06\/AntiguaBikeLogo-blanco.png\",\"contentUrl\":\"https:\/\/www.antiguabike.com\/tienda\/wp-content\/uploads\/sites\/2\/2023\/06\/AntiguaBikeLogo-blanco.png\",\"width\":300,\"height\":144,\"caption\":\"Tienda online Antigua Bike\"},\"image\":{\"@id\":\"https:\/\/www.antiguabike.com\/tienda\/#\/schema\/logo\/image\/\"}}]}<\/script>\n<!-- \/ Yoast SEO plugin. -->","yoast_head_json":{"title":"Sailfish Pacific 2 hombre T.S | Antigua Bike tienda","robots":{"index":"index","follow":"follow","max-snippet":"max-snippet:-1","max-image-preview":"max-image-preview:large","max-video-preview":"max-video-preview:-1"},"canonical":"https:\/\/www.antiguabike.com\/tienda\/sailfish-pacific-2-hombre-t-s\/","og_locale":"es_ES","og_type":"article","og_title":"Sailfish Pacific 2 hombre T.S | Antigua Bike tienda","og_description":"El traje neopreno Sailfish Pacific 2 es una prenda corta que combina una exclente aquadin\u00e1mica con la ligereza y a libertad sin restricciones, lo que lo convierte, en el sentido m\u00e1s verdadero, en el hibrido perfecto ...","og_url":"https:\/\/www.antiguabike.com\/tienda\/sailfish-pacific-2-hombre-t-s\/","og_site_name":"Antigua Bike tienda","og_image":[{"width":1100,"height":1100,"url":"https:\/\/www.antiguabike.com\/tienda\/wp-content\/uploads\/sites\/2\/2026\/04\/sailfish_Wetsuits_Mens_Pacific2_Front_cd8caacd-0b0e-4719-93c8-9554404808c9.webp","type":"image\/webp"}],"twitter_card":"summary_large_image","twitter_misc":{"Tiempo de lectura":"1 minuto"},"schema":{"@context":"https:\/\/schema.org","@graph":[{"@type":"WebPage","@id":"https:\/\/www.antiguabike.com\/tienda\/sailfish-pacific-2-hombre-t-s\/","url":"https:\/\/www.antiguabike.com\/tienda\/sailfish-pacific-2-hombre-t-s\/","name":"Sailfish Pacific 2 hombre T.S | Antigua Bike tienda","isPartOf":{"@id":"https:\/\/www.antiguabike.com\/tienda\/#website"},"primaryImageOfPage":{"@id":"https:\/\/www.antiguabike.com\/tienda\/sailfish-pacific-2-hombre-t-s\/#primaryimage"},"image":{"@id":"https:\/\/www.antiguabike.com\/tienda\/sailfish-pacific-2-hombre-t-s\/#primaryimage"},"thumbnailUrl":"https:\/\/www.antiguabike.com\/tienda\/wp-content\/uploads\/sites\/2\/2026\/04\/sailfish_Wetsuits_Mens_Pacific2_Front_cd8caacd-0b0e-4719-93c8-9554404808c9.webp","datePublished":"2026-04-11T09:53:04+00:00","breadcrumb":{"@id":"https:\/\/www.antiguabike.com\/tienda\/sailfish-pacific-2-hombre-t-s\/#breadcrumb"},"inLanguage":"es","potentialAction":[{"@type":"ReadAction","target":["https:\/\/www.antiguabike.com\/tienda\/sailfish-pacific-2-hombre-t-s\/"]}]},{"@type":"ImageObject","inLanguage":"es","@id":"https:\/\/www.antiguabike.com\/tienda\/sailfish-pacific-2-hombre-t-s\/#primaryimage","url":"https:\/\/www.antiguabike.com\/tienda\/wp-content\/uploads\/sites\/2\/2026\/04\/sailfish_Wetsuits_Mens_Pacific2_Front_cd8caacd-0b0e-4719-93c8-9554404808c9.webp","contentUrl":"https:\/\/www.antiguabike.com\/tienda\/wp-content\/uploads\/sites\/2\/2026\/04\/sailfish_Wetsuits_Mens_Pacific2_Front_cd8caacd-0b0e-4719-93c8-9554404808c9.webp","width":1100,"height":1100},{"@type":"BreadcrumbList","@id":"https:\/\/www.antiguabike.com\/tienda\/sailfish-pacific-2-hombre-t-s\/#breadcrumb","itemListElement":[{"@type":"ListItem","position":1,"name":"Portada","item":"https:\/\/www.antiguabike.com\/tienda\/"},{"@type":"ListItem","position":2,"name":"Shop","item":"https:\/\/www.antiguabike.com\/tienda\/shop\/"},{"@type":"ListItem","position":3,"name":"Sailfish Pacific 2 hombre T.S"}]},{"@type":"WebSite","@id":"https:\/\/www.antiguabike.com\/tienda\/#website","url":"https:\/\/www.antiguabike.com\/tienda\/","name":"Tienda online Antigua Bike","description":"M\u00e1s de 25 a\u00f1os en el mundo de la bici","publisher":{"@id":"https:\/\/www.antiguabike.com\/tienda\/#organization"},"alternateName":"Tienda, taller de reparaci\u00f3n y alquiler","potentialAction":[{"@type":"SearchAction","target":{"@type":"EntryPoint","urlTemplate":"https:\/\/www.antiguabike.com\/tienda\/?s={search_term_string}"},"query-input":{"@type":"PropertyValueSpecification","valueRequired":true,"valueName":"search_term_string"}}],"inLanguage":"es"},{"@type":"Organization","@id":"https:\/\/www.antiguabike.com\/tienda\/#organization","name":"Tienda online Antigua Bike","url":"https:\/\/www.antiguabike.com\/tienda\/","logo":{"@type":"ImageObject","inLanguage":"es","@id":"https:\/\/www.antiguabike.com\/tienda\/#\/schema\/logo\/image\/","url":"https:\/\/www.antiguabike.com\/tienda\/wp-content\/uploads\/sites\/2\/2023\/06\/AntiguaBikeLogo-blanco.png","contentUrl":"https:\/\/www.antiguabike.com\/tienda\/wp-content\/uploads\/sites\/2\/2023\/06\/AntiguaBikeLogo-blanco.png","width":300,"height":144,"caption":"Tienda online Antigua Bike"},"image":{"@id":"https:\/\/www.antiguabike.com\/tienda\/#\/schema\/logo\/image\/"}}]}},"_links":{"self":[{"href":"https:\/\/www.antiguabike.com\/tienda\/wp-json\/wp\/v2\/product\/4266","targetHints":{"allow":["GET"]}}],"collection":[{"href":"https:\/\/www.antiguabike.com\/tienda\/wp-json\/wp\/v2\/product"}],"about":[{"href":"https:\/\/www.antiguabike.com\/tienda\/wp-json\/wp\/v2\/types\/product"}],"wp:featuredmedia":[{"embeddable":true,"href":"https:\/\/www.antiguabike.com\/tienda\/wp-json\/wp\/v2\/media\/4267"}],"wp:attachment":[{"href":"https:\/\/www.antiguabike.com\/tienda\/wp-json\/wp\/v2\/media?parent=4266"}],"wp:term":[{"taxonomy":"product_brand","embeddable":true,"href":"https:\/\/www.antiguabike.com\/tienda\/wp-json\/wp\/v2\/product_brand?post=4266"},{"taxonomy":"product_cat","embeddable":true,"href":"https:\/\/www.antiguabike.com\/tienda\/wp-json\/wp\/v2\/product_cat?post=4266"},{"taxonomy":"product_tag","embeddable":true,"href":"https:\/\/www.antiguabike.com\/tienda\/wp-json\/wp\/v2\/product_tag?post=4266"}],"curies":[{"name":"wp","href":"https:\/\/api.w.org\/{rel}","templated":true}]}}